{"id":457,"date":"2022-11-07T08:40:10","date_gmt":"2022-11-07T08:40:10","guid":{"rendered":"https:\/\/akgdesign.ch\/akgd\/?page_id=457"},"modified":"2024-11-20T10:48:54","modified_gmt":"2024-11-20T10:48:54","slug":"angebot","status":"publish","type":"page","link":"https:\/\/akgdesign.ch\/akgd\/angebot\/","title":{"rendered":"Angebot"},"content":{"rendered":"<div id=\"pl-457\"  class=\"panel-layout\" ><div id=\"pg-457-0\"  class=\"panel-grid panel-no-style\" ><div id=\"pgc-457-0-0\"  class=\"panel-grid-cell\" ><div id=\"panel-457-0-0-0\" class=\"so-panel widget widget_sow-editor panel-first-child panel-last-child\" data-index=\"0\" ><div\n\t\t\t\n\t\t\tclass=\"so-widget-sow-editor so-widget-sow-editor-base\"\n\t\t\t\n\t\t>\n<div class=\"siteorigin-widget-tinymce textwidget\">\n\t<p>Kreativit\u00e4t und<\/p>\n<\/div>\n<\/div><\/div><\/div><\/div><div id=\"pg-457-1\"  class=\"panel-grid panel-no-style\" ><div id=\"pgc-457-1-0\"  class=\"panel-grid-cell\" ><div id=\"panel-457-1-0-0\" class=\"so-panel widget widget_sow-image panel-first-child panel-last-child\" data-index=\"1\" ><div\n\t\t\t\n\t\t\tclass=\"so-widget-sow-image so-widget-sow-image-default-dbf295114b96-457\"\n\t\t\t\n\t\t>\n<div class=\"sow-image-container\">\n\t\t\t<a href=\"https:\/\/akgdesign.ch\/akgd\/referenzen\/schmuck-unikate\/\"\n\t\t\ttarget=\"_blank\" rel=\"noopener noreferrer\" \t\t>\n\t\t\t<img \n\tsrc=\"https:\/\/akgdesign.ch\/akgd\/wp-content\/uploads\/2018\/03\/Schmuck-Unikate.jpg\" width=\"800\" height=\"800\" srcset=\"https:\/\/akgdesign.ch\/akgd\/wp-content\/uploads\/2018\/03\/Schmuck-Unikate.jpg 800w, https:\/\/akgdesign.ch\/akgd\/wp-content\/uploads\/2018\/03\/Schmuck-Unikate-150x150.jpg 150w, https:\/\/akgdesign.ch\/akgd\/wp-content\/uploads\/2018\/03\/Schmuck-Unikate-300x300.jpg 300w, https:\/\/akgdesign.ch\/akgd\/wp-content\/uploads\/2018\/03\/Schmuck-Unikate-768x768.jpg 768w, https:\/\/akgdesign.ch\/akgd\/wp-content\/uploads\/2018\/03\/Schmuck-Unikate-100x100.jpg 100w\" sizes=\"(max-width: 706px) 89vw, (max-width: 767px) 82vw, 740px\" title=\"Anna&#039;mCara - Angebot - Schmuck-Unikate\" alt=\"Anna&#039;mCara - Angebot - Schmuck-Unikate\" \t\tclass=\"so-widget-image\"\/>\n\t\t\t<\/a><\/div>\n\n<\/div><\/div><\/div><div id=\"pgc-457-1-1\"  class=\"panel-grid-cell\" ><div id=\"panel-457-1-1-0\" class=\"so-panel widget widget_sow-editor panel-first-child panel-last-child\" data-index=\"2\" ><div\n\t\t\t\n\t\t\tclass=\"so-widget-sow-editor so-widget-sow-editor-base\"\n\t\t\t\n\t\t><h3 class=\"widget-title\">Einzelst\u00fccke mit Mehrwert<\/h3>\n<div class=\"siteorigin-widget-tinymce textwidget\">\n\t<p>Gefundenes, Neues, Geschenktes, Antikes und Verborgenes - all dies wird in der \"Kreativschmiede\", unter meinem Label akg Design und mit der Energie von Anna'mCara, zu legend\u00e4ren Einzelst\u00fccken verarbeitet. Lass dich hier verzaubern und verf\u00fchren.<\/p>\n<\/div>\n<\/div><\/div><\/div><\/div><div id=\"pg-457-2\"  class=\"panel-grid panel-no-style\" ><div id=\"pgc-457-2-0\"  class=\"panel-grid-cell panel-grid-cell-mobile-last\" ><div id=\"panel-457-2-0-0\" class=\"so-panel widget widget_sow-image panel-first-child panel-last-child\" data-index=\"3\" ><div\n\t\t\t\n\t\t\tclass=\"so-widget-sow-image so-widget-sow-image-default-dbf295114b96-457\"\n\t\t\t\n\t\t>\n<div class=\"sow-image-container\">\n\t\t\t<a href=\"http:\/\/www.meer-wert.ch\"\n\t\t\ttarget=\"_blank\" rel=\"noopener noreferrer\" \t\t>\n\t\t\t<img \n\tsrc=\"https:\/\/akgdesign.ch\/akgd\/wp-content\/uploads\/2024\/11\/Junk-Journal-Design.jpg\" width=\"800\" height=\"800\" srcset=\"https:\/\/akgdesign.ch\/akgd\/wp-content\/uploads\/2024\/11\/Junk-Journal-Design.jpg 800w, https:\/\/akgdesign.ch\/akgd\/wp-content\/uploads\/2024\/11\/Junk-Journal-Design-300x300.jpg 300w, https:\/\/akgdesign.ch\/akgd\/wp-content\/uploads\/2024\/11\/Junk-Journal-Design-150x150.jpg 150w, https:\/\/akgdesign.ch\/akgd\/wp-content\/uploads\/2024\/11\/Junk-Journal-Design-768x768.jpg 768w, https:\/\/akgdesign.ch\/akgd\/wp-content\/uploads\/2024\/11\/Junk-Journal-Design-600x600.jpg 600w, https:\/\/akgdesign.ch\/akgd\/wp-content\/uploads\/2024\/11\/Junk-Journal-Design-160x160.jpg 160w, https:\/\/akgdesign.ch\/akgd\/wp-content\/uploads\/2024\/11\/Junk-Journal-Design-100x100.jpg 100w\" sizes=\"(max-width: 706px) 89vw, (max-width: 767px) 82vw, 740px\" title=\"Referenz - Junk-Journals - akg Design \" alt=\"Referenz - Junk-Journals - akg Design \" \t\tclass=\"so-widget-image\"\/>\n\t\t\t<\/a><\/div>\n\n<\/div><\/div><\/div><div id=\"pgc-457-2-1\"  class=\"panel-grid-cell panel-grid-cell-empty\" ><\/div><\/div><div id=\"pg-457-3\"  class=\"panel-grid panel-no-style\" ><div id=\"pgc-457-3-0\"  class=\"panel-grid-cell panel-grid-cell-mobile-last\" ><div id=\"panel-457-3-0-0\" class=\"so-panel widget widget_sow-image panel-first-child panel-last-child\" data-index=\"4\" ><div\n\t\t\t\n\t\t\tclass=\"so-widget-sow-image so-widget-sow-image-default-dbf295114b96-457\"\n\t\t\t\n\t\t>\n<div class=\"sow-image-container\">\n\t\t\t<a href=\"http:\/\/www.meer-wert.ch\"\n\t\t\ttarget=\"_blank\" rel=\"noopener noreferrer\" \t\t>\n\t\t\t<img \n\tsrc=\"https:\/\/akgdesign.ch\/akgd\/wp-content\/uploads\/2018\/03\/Deko-Unikate.jpg\" width=\"800\" height=\"800\" srcset=\"https:\/\/akgdesign.ch\/akgd\/wp-content\/uploads\/2018\/03\/Deko-Unikate.jpg 800w, https:\/\/akgdesign.ch\/akgd\/wp-content\/uploads\/2018\/03\/Deko-Unikate-150x150.jpg 150w, https:\/\/akgdesign.ch\/akgd\/wp-content\/uploads\/2018\/03\/Deko-Unikate-300x300.jpg 300w, https:\/\/akgdesign.ch\/akgd\/wp-content\/uploads\/2018\/03\/Deko-Unikate-768x768.jpg 768w, https:\/\/akgdesign.ch\/akgd\/wp-content\/uploads\/2018\/03\/Deko-Unikate-100x100.jpg 100w\" sizes=\"(max-width: 706px) 89vw, (max-width: 767px) 82vw, 740px\" title=\"Zur Online-Boutique - Angebote der Deko-Unikate by akg Design \" alt=\"Angebot - Deko-Unikate - akg Design\" \t\tclass=\"so-widget-image\"\/>\n\t\t\t<\/a><\/div>\n\n<\/div><\/div><\/div><div id=\"pgc-457-3-1\"  class=\"panel-grid-cell panel-grid-cell-empty\" ><\/div><\/div><div id=\"pg-457-4\"  class=\"panel-grid panel-no-style\" ><div id=\"pgc-457-4-0\"  class=\"panel-grid-cell panel-grid-cell-mobile-last\" ><div id=\"panel-457-4-0-0\" class=\"so-panel widget widget_sow-image panel-first-child panel-last-child\" data-index=\"5\" ><div\n\t\t\t\n\t\t\tclass=\"so-widget-sow-image so-widget-sow-image-default-dbf295114b96-457\"\n\t\t\t\n\t\t>\n<div class=\"sow-image-container\">\n\t\t\t<a href=\"https:\/\/akgdesign.ch\/akgd\/referenzen\/\"\n\t\t\t\t\t>\n\t\t\t<img \n\tsrc=\"https:\/\/akgdesign.ch\/akgd\/wp-content\/uploads\/2018\/03\/LogoDesign.jpg\" width=\"800\" height=\"800\" srcset=\"https:\/\/akgdesign.ch\/akgd\/wp-content\/uploads\/2018\/03\/LogoDesign.jpg 800w, https:\/\/akgdesign.ch\/akgd\/wp-content\/uploads\/2018\/03\/LogoDesign-150x150.jpg 150w, https:\/\/akgdesign.ch\/akgd\/wp-content\/uploads\/2018\/03\/LogoDesign-300x300.jpg 300w, https:\/\/akgdesign.ch\/akgd\/wp-content\/uploads\/2018\/03\/LogoDesign-768x768.jpg 768w, https:\/\/akgdesign.ch\/akgd\/wp-content\/uploads\/2018\/03\/LogoDesign-100x100.jpg 100w\" sizes=\"(max-width: 706px) 89vw, (max-width: 767px) 82vw, 740px\" title=\"Zur Referenzseite - Logo-Design by akg Design \" alt=\"Angebot - Logo-Design - akg Design\" \t\tclass=\"so-widget-image\"\/>\n\t\t\t<\/a><\/div>\n\n<\/div><\/div><\/div><div id=\"pgc-457-4-1\"  class=\"panel-grid-cell panel-grid-cell-empty\" ><\/div><\/div><div id=\"pg-457-5\"  class=\"panel-grid panel-no-style\" ><div id=\"pgc-457-5-0\"  class=\"panel-grid-cell panel-grid-cell-mobile-last\" ><div id=\"panel-457-5-0-0\" class=\"so-panel widget widget_sow-image panel-first-child panel-last-child\" data-index=\"6\" ><div\n\t\t\t\n\t\t\tclass=\"so-widget-sow-image so-widget-sow-image-default-8b5b6f678277-457\"\n\t\t\t\n\t\t>\n<div class=\"sow-image-container\">\n\t\t<img \n\tsrc=\"https:\/\/akgdesign.ch\/akgd\/wp-content\/uploads\/2018\/03\/WebDesign.jpg\" width=\"800\" height=\"800\" srcset=\"https:\/\/akgdesign.ch\/akgd\/wp-content\/uploads\/2018\/03\/WebDesign.jpg 800w, https:\/\/akgdesign.ch\/akgd\/wp-content\/uploads\/2018\/03\/WebDesign-150x150.jpg 150w, https:\/\/akgdesign.ch\/akgd\/wp-content\/uploads\/2018\/03\/WebDesign-300x300.jpg 300w, https:\/\/akgdesign.ch\/akgd\/wp-content\/uploads\/2018\/03\/WebDesign-768x768.jpg 768w, https:\/\/akgdesign.ch\/akgd\/wp-content\/uploads\/2018\/03\/WebDesign-100x100.jpg 100w\" sizes=\"(max-width: 706px) 89vw, (max-width: 767px) 82vw, 740px\" title=\"Zur Referenzseite - Website-Design by akg Design \" alt=\"Angebot - Webseiten-Design - akg Design\" \t\tclass=\"so-widget-image\"\/>\n\t<\/div>\n\n<\/div><\/div><\/div><div id=\"pgc-457-5-1\"  class=\"panel-grid-cell panel-grid-cell-empty\" ><\/div><\/div><div id=\"pg-457-6\"  class=\"panel-grid panel-no-style\" ><div id=\"pgc-457-6-0\"  class=\"panel-grid-cell panel-grid-cell-mobile-last\" ><div id=\"panel-457-6-0-0\" class=\"so-panel widget widget_sow-image panel-first-child panel-last-child\" data-index=\"7\" ><div\n\t\t\t\n\t\t\tclass=\"so-widget-sow-image so-widget-sow-image-default-8b5b6f678277-457\"\n\t\t\t\n\t\t>\n<div class=\"sow-image-container\">\n\t\t<img \n\tsrc=\"https:\/\/akgdesign.ch\/akgd\/wp-content\/uploads\/2018\/03\/LayoutDesign.jpg\" width=\"800\" height=\"800\" srcset=\"https:\/\/akgdesign.ch\/akgd\/wp-content\/uploads\/2018\/03\/LayoutDesign.jpg 800w, https:\/\/akgdesign.ch\/akgd\/wp-content\/uploads\/2018\/03\/LayoutDesign-150x150.jpg 150w, https:\/\/akgdesign.ch\/akgd\/wp-content\/uploads\/2018\/03\/LayoutDesign-300x300.jpg 300w, https:\/\/akgdesign.ch\/akgd\/wp-content\/uploads\/2018\/03\/LayoutDesign-768x768.jpg 768w, https:\/\/akgdesign.ch\/akgd\/wp-content\/uploads\/2018\/03\/LayoutDesign-100x100.jpg 100w\" sizes=\"(max-width: 706px) 89vw, (max-width: 767px) 82vw, 740px\" title=\"Zur Referenzseite - Grafik-Design by akg Design \" alt=\"Angebot - Grafik-Design - akg Design\" \t\tclass=\"so-widget-image\"\/>\n\t<\/div>\n\n<\/div><\/div><\/div><div id=\"pgc-457-6-1\"  class=\"panel-grid-cell panel-grid-cell-empty\" ><\/div><\/div><div id=\"pg-457-7\"  class=\"panel-grid panel-no-style\" ><div id=\"pgc-457-7-0\"  class=\"panel-grid-cell panel-grid-cell-empty\" ><\/div><div id=\"pgc-457-7-1\"  class=\"panel-grid-cell panel-grid-cell-empty panel-grid-cell-mobile-last\" ><\/div><div id=\"pgc-457-7-2\"  class=\"panel-grid-cell panel-grid-cell-empty\" ><\/div><\/div><\/div>","protected":false},"excerpt":{"rendered":"<p>Kreativit\u00e4t und Gefundenes, Neues, Geschenktes, Antikes und Verborgenes &#8211; all dies wird in der &#8222;Kreativschmiede&#8220;, unter meinem Label akg Design und mit der Energie von Anna&#8217;mCara, zu legend\u00e4ren Einzelst\u00fccken verarbeitet. Lass dich hier verzaubern und verf\u00fchren.<\/p>\n","protected":false},"author":1,"featured_media":0,"parent":0,"menu_order":0,"comment_status":"closed","ping_status":"closed","template":"","meta":{"footnotes":""},"folder":[],"class_list":["post-457","page","type-page","status-publish","hentry"],"_links":{"self":[{"href":"https:\/\/akgdesign.ch\/akgd\/wp-json\/wp\/v2\/pages\/457","targetHints":{"allow":["GET"]}}],"collection":[{"href":"https:\/\/akgdesign.ch\/akgd\/wp-json\/wp\/v2\/pages"}],"about":[{"href":"https:\/\/akgdesign.ch\/akgd\/wp-json\/wp\/v2\/types\/page"}],"author":[{"embeddable":true,"href":"https:\/\/akgdesign.ch\/akgd\/wp-json\/wp\/v2\/users\/1"}],"replies":[{"embeddable":true,"href":"https:\/\/akgdesign.ch\/akgd\/wp-json\/wp\/v2\/comments?post=457"}],"version-history":[{"count":18,"href":"https:\/\/akgdesign.ch\/akgd\/wp-json\/wp\/v2\/pages\/457\/revisions"}],"predecessor-version":[{"id":541,"href":"https:\/\/akgdesign.ch\/akgd\/wp-json\/wp\/v2\/pages\/457\/revisions\/541"}],"wp:attachment":[{"href":"https:\/\/akgdesign.ch\/akgd\/wp-json\/wp\/v2\/media?parent=457"}],"wp:term":[{"taxonomy":"folder","embeddable":true,"href":"https:\/\/akgdesign.ch\/akgd\/wp-json\/wp\/v2\/folder?post=457"}],"curies":[{"name":"wp","href":"https:\/\/api.w.org\/{rel}","templated":true}]}}