{"id":262,"date":"2018-03-05T17:20:20","date_gmt":"2018-03-05T17:20:20","guid":{"rendered":"https:\/\/akgdesign.ch\/akgd\/?page_id=262"},"modified":"2018-03-26T09:20:03","modified_gmt":"2018-03-26T09:20:03","slug":"verantwortlichkeitsmarke","status":"publish","type":"page","link":"https:\/\/akgdesign.ch\/akgd\/verantwortlichkeitsmarke\/","title":{"rendered":"Verantwortlichkeitsmarke"},"content":{"rendered":"<div id=\"pl-262\"  class=\"panel-layout\" ><div id=\"pg-262-0\"  class=\"panel-grid panel-no-style\" ><div id=\"pgc-262-0-0\"  class=\"panel-grid-cell\" ><div id=\"panel-262-0-0-0\" class=\"so-panel widget widget_sow-image panel-first-child panel-last-child\" data-index=\"0\" ><div\n\t\t\t\n\t\t\tclass=\"so-widget-sow-image so-widget-sow-image-default-8b5b6f678277-262\"\n\t\t\t\n\t\t>\n<div class=\"sow-image-container\">\n\t\t<img \n\tsrc=\"https:\/\/akgdesign.ch\/akgd\/wp-content\/uploads\/2018\/03\/akg-verantwortlichkeitsmarke.png\" width=\"600\" height=\"843\" srcset=\"https:\/\/akgdesign.ch\/akgd\/wp-content\/uploads\/2018\/03\/akg-verantwortlichkeitsmarke.png 600w, https:\/\/akgdesign.ch\/akgd\/wp-content\/uploads\/2018\/03\/akg-verantwortlichkeitsmarke-214x300.png 214w\" sizes=\"(max-width: 600px) 100vw, 600px\" title=\"Bescheinigung Verantwortlichkeitsmarke - akg Design\" alt=\"Bescheinigung Verantwortlichkeitsmarke - akg Design\" \t\tclass=\"so-widget-image\"\/>\n\t<\/div>\n\n<\/div><\/div><\/div><div id=\"pgc-262-0-1\"  class=\"panel-grid-cell\" ><div id=\"panel-262-0-1-0\" class=\"so-panel widget widget_sow-editor panel-first-child panel-last-child\" data-index=\"1\" ><div\n\t\t\t\n\t\t\tclass=\"so-widget-sow-editor so-widget-sow-editor-base\"\n\t\t\t\n\t\t><h3 class=\"widget-title\">Was genau ist eine Verantwortlichkeitsmarke und wof\u00fcr wird diese gebraucht?<\/h3>\n<div class=\"siteorigin-widget-tinymce textwidget\">\n\t<p>Bestimmt haben Sie beim genauen Betrachten Ihres echten Schmuckst\u00fcckes bereits verschiedene Zeichen und Ziffern entdeckt. Diese werden im Normalfall an einer unauff\u00e4lligen Stelle mit sogenannten Punzen ins Material gestempelt.<\/p>\n<p>Jedes Schmuckst\u00fcck aus Edelmetall, das in der Schweiz verkauft wird, muss sowohl mit dem Feingehaltsstempel als auch mit der Verantwortlichkeitsmarke versehen sein.<\/p>\n<p>Der Feingehaltsstempel gibt in Ziffern an, wie gross oder klein der Anteil des Edelmetalls in der verwendeten Legierung ist (z.B. 925 f\u00fcr Sterlingsilber oder auch 800).\u00a0<\/p>\n<p><strong>Ferner finden Sie die Verantwortlichkeitsmarke - eine eingestempelte Unterschrift des Herstellers.<\/strong><\/p>\n<p>Die Verantwortlichkeitsmarke ist eine Sicherheit f\u00fcr Kunden und K\u00e4ufer, denn damit unterschreibt der Hersteller des Schmuckst\u00fcckes und \u00fcbernimmt damit die Verantwortung f\u00fcr den deklarierten Edelmetallgehalt des Teils. Die Verantwortlichkeitsmarke muss beim Zentralamt f\u00fcr Edelmetallkontrolle hinterlegt und alle 20 Jahre erneuert werden. Hier erfahren Sie die <a href=\"http:\/\/www.ezv.admin.ch\/dienstleistungen\/04062\/04940\/index.html?\" target=\"_blank\">gesetztlichen Details zur Verantwortlichkeitsmarke<\/a>.<\/p>\n<p>Die <b>akg Design<\/b> stempelt ihre Kreationen mit einer Verantwortlichkeitsmarke. Damit garantiert sie nicht nur die Echtheit, sondern auch die Herkunft aus ihrem Atelier.<\/p>\n<\/div>\n<\/div><\/div><\/div><\/div><\/div>","protected":false},"excerpt":{"rendered":"<p>Bestimmt haben Sie beim genauen Betrachten Ihres echten Schmuckst\u00fcckes bereits verschiedene Zeichen und Ziffern entdeckt. Diese werden im Normalfall an einer unauff\u00e4lligen Stelle mit sogenannten Punzen ins Material gestempelt.Jedes Schmuckst\u00fcck aus Edelmetall, das in der Schweiz verkauft wird, muss sowohl mit dem Feingehaltsstempel als auch mit der Verantwortlichkeitsmarke versehen sein.Der Feingehaltsstempel gibt in Ziffern an, &hellip; <\/p>\n<p class=\"link-more\"><a href=\"https:\/\/akgdesign.ch\/akgd\/verantwortlichkeitsmarke\/\" class=\"more-link\"><span class=\"screen-reader-text\">\u201eVerantwortlichkeitsmarke\u201c<\/span> weiterlesen<\/a><\/p>\n","protected":false},"author":1,"featured_media":0,"parent":0,"menu_order":0,"comment_status":"closed","ping_status":"closed","template":"","meta":{"footnotes":""},"folder":[],"class_list":["post-262","page","type-page","status-publish","hentry"],"_links":{"self":[{"href":"https:\/\/akgdesign.ch\/akgd\/wp-json\/wp\/v2\/pages\/262","targetHints":{"allow":["GET"]}}],"collection":[{"href":"https:\/\/akgdesign.ch\/akgd\/wp-json\/wp\/v2\/pages"}],"about":[{"href":"https:\/\/akgdesign.ch\/akgd\/wp-json\/wp\/v2\/types\/page"}],"author":[{"embeddable":true,"href":"https:\/\/akgdesign.ch\/akgd\/wp-json\/wp\/v2\/users\/1"}],"replies":[{"embeddable":true,"href":"https:\/\/akgdesign.ch\/akgd\/wp-json\/wp\/v2\/comments?post=262"}],"version-history":[{"count":11,"href":"https:\/\/akgdesign.ch\/akgd\/wp-json\/wp\/v2\/pages\/262\/revisions"}],"predecessor-version":[{"id":332,"href":"https:\/\/akgdesign.ch\/akgd\/wp-json\/wp\/v2\/pages\/262\/revisions\/332"}],"wp:attachment":[{"href":"https:\/\/akgdesign.ch\/akgd\/wp-json\/wp\/v2\/media?parent=262"}],"wp:term":[{"taxonomy":"folder","embeddable":true,"href":"https:\/\/akgdesign.ch\/akgd\/wp-json\/wp\/v2\/folder?post=262"}],"curies":[{"name":"wp","href":"https:\/\/api.w.org\/{rel}","templated":true}]}}